{"id":73,"date":"2022-08-15T18:21:27","date_gmt":"2022-08-15T18:21:27","guid":{"rendered":"https:\/\/totalwpdemos.wpenginepowered.com\/pottery\/?page_id=73"},"modified":"2026-04-07T10:51:55","modified_gmt":"2026-04-07T08:51:55","slug":"blog","status":"publish","type":"page","link":"https:\/\/www.manais-web.ovh\/Botanique\/?page_id=73","title":{"rendered":"Pr\u00e9sentation"},"content":{"rendered":"<div class=\"wpb-content-wrapper\">[vc_row][vc_column][vc_column_text css=&#8221;&#8221; color=&#8221;#00000069&#8243; font_family=&#8221;Palatino Linotype, Book Antiqua, Palatino, serif&#8221; font_size=&#8221;20px&#8221;]\r\n<p>Je suis guide de sorties botaniques, anim\u00e9e par le d\u00e9sir de transmettre une connaissance vivante et respectueuse du monde v\u00e9g\u00e9tal.<br \/>Form\u00e9e \u00e0 la botanique de terrain, j\u2019accompagne petits groupes et curieux de nature, dans la d\u00e9couverte des plantes sauvages, de leurs caract\u00e9ristiques, de leurs usages et de leurs \u00e9cosyst\u00e8mes.<\/p>\r\n\r\n<p>Mes sorties sont des temps d\u2019observation, de compr\u00e9hension et de reconnexion.<br \/>J\u2019y propose une approche \u00e0 la fois scientifique et sensible, o\u00f9 la rigueur de l\u2019identification rencontre l\u2019\u00e9merveillement devant la diversit\u00e9 du vivant. Chaque feuille raconte une histoire, chaque fleur r\u00e9v\u00e8le un \u00e9merveillement.<\/p>\r\n\r\n<p>Lors de mes sorties botaniques, je vous invite \u00e0 ralentir. \u00c0 ouvrir l\u2019\u0153il et le c\u0153ur.<br \/>Marcher ensemble, apprendre \u00e0 reconna\u00eetre ce qui nous entoure, d\u00e9velopper une relation attentive et durable avec la nature : telle est la vocation de mon accompagnement.<br \/>Au fil des saisons, je vous invite \u00e0 d\u00e9couvrir les plantes comme des partenaires de chemin, essentielles et inspirantes.<\/p>\r\n\r\n<p>Que l\u2019on vienne pour apprendre, ressentir ou simplement respirer, les plantes nous attendent \u2014 toujours pr\u00eates \u00e0 se laisser rencontrer.<\/p>\r\n\r\n<p>D\u00e9butant ou passionn\u00e9s, adapt\u00e9es \u00e0 tous les \u00e2ges, laissez vous s\u00e9duire par ce monde du vivant insoup\u00e7onn\u00e9.<\/p>\r\n\r\n<p>Laurence Jacquet<\/p>\r\n<!-- \/wp:post-content -->\r\n<p><!-- wp:paragraph -->L\u00e0 o\u00f9 chantent les fleurs sauvages!<\/p>\r\n<h1><!-- \/wp:paragraph --><\/h1>\r\n[\/vc_column_text][\/vc_column][\/vc_row][vc_row][vc_column]<style>.vcex-image-grid.vcex_6a05caa80eea5 .vcex-image-grid-entry{animation-duration:10s;}<\/style><div class=\"vcex-image-grid-wrap\"><div class=\"vcex-image-grid-css-wrapper vc_custom_1775551926144\"><div class=\"vcex-module vcex-image-grid grid-style-default wpex-row wpex-clr wpex-lightbox-group wpb-animate-in-sequence vcex_6a05caa80eea5\"><div class=\"id-284 vcex-image-grid-entry vcex-grid-item wpex-text-center span_1_of_6 col  wpb_animate_when_almost_visible wpb_appear appear col-1\"><figure class=\"vcex-image-grid-entry-figure wpex-last-mb-0 wpex-clr\"><div class=\"vcex-image-grid-entry-img entry-media wpex-relative hvr hvr-sink wpex-mb-20\"><a href=\"https:\/\/www.manais-web.ovh\/Botanique\/wp-content\/uploads\/2026\/02\/IMG_2609-scaled.jpg\" class=\"vcex-image-grid-entry-link wpex-lightbox-group-item\" data-title=\"viola\" data-caption=\"sentier montagne\"><img width=\"2560\" height=\"1920\" src=\"https:\/\/www.manais-web.ovh\/Botanique\/wp-content\/uploads\/2026\/02\/IMG_2609-scaled.jpg\" class=\"wpex-align-middle wpex-shadow-md\" alt=\"viola\" loading=\"lazy\" decoding=\"async\" srcset=\"https:\/\/www.manais-web.ovh\/Botanique\/wp-content\/uploads\/2026\/02\/IMG_2609-scaled.jpg 2560w, https:\/\/www.manais-web.ovh\/Botanique\/wp-content\/uploads\/2026\/02\/IMG_2609-300x225.jpg 300w, https:\/\/www.manais-web.ovh\/Botanique\/wp-content\/uploads\/2026\/02\/IMG_2609-1024x768.jpg 1024w, https:\/\/www.manais-web.ovh\/Botanique\/wp-content\/uploads\/2026\/02\/IMG_2609-768x576.jpg 768w, https:\/\/www.manais-web.ovh\/Botanique\/wp-content\/uploads\/2026\/02\/IMG_2609-1536x1152.jpg 1536w, https:\/\/www.manais-web.ovh\/Botanique\/wp-content\/uploads\/2026\/02\/IMG_2609-2048x1536.jpg 2048w, https:\/\/www.manais-web.ovh\/Botanique\/wp-content\/uploads\/2026\/02\/IMG_2609-600x450.jpg 600w\" sizes=\"auto, (max-width: 2560px) 100vw, 2560px\" \/><\/a><\/div><\/figure><\/div><div class=\"id-286 vcex-image-grid-entry vcex-grid-item wpex-text-center span_1_of_6 col  wpb_animate_when_almost_visible wpb_appear appear col-2\"><figure class=\"vcex-image-grid-entry-figure wpex-last-mb-0 wpex-clr\"><div class=\"vcex-image-grid-entry-img entry-media wpex-relative hvr hvr-sink wpex-mb-20\"><a href=\"https:\/\/www.manais-web.ovh\/Botanique\/wp-content\/uploads\/2026\/02\/IMG_1502-scaled.jpg\" class=\"vcex-image-grid-entry-link wpex-lightbox-group-item\" data-title=\"allium\" data-caption=\"allium \"><img width=\"2560\" height=\"1920\" src=\"https:\/\/www.manais-web.ovh\/Botanique\/wp-content\/uploads\/2026\/02\/IMG_1502-scaled.jpg\" class=\"wpex-align-middle wpex-shadow-md\" alt=\"allium\" loading=\"lazy\" decoding=\"async\" srcset=\"https:\/\/www.manais-web.ovh\/Botanique\/wp-content\/uploads\/2026\/02\/IMG_1502-scaled.jpg 2560w, https:\/\/www.manais-web.ovh\/Botanique\/wp-content\/uploads\/2026\/02\/IMG_1502-300x225.jpg 300w, https:\/\/www.manais-web.ovh\/Botanique\/wp-content\/uploads\/2026\/02\/IMG_1502-1024x768.jpg 1024w, https:\/\/www.manais-web.ovh\/Botanique\/wp-content\/uploads\/2026\/02\/IMG_1502-768x576.jpg 768w, https:\/\/www.manais-web.ovh\/Botanique\/wp-content\/uploads\/2026\/02\/IMG_1502-1536x1152.jpg 1536w, https:\/\/www.manais-web.ovh\/Botanique\/wp-content\/uploads\/2026\/02\/IMG_1502-2048x1536.jpg 2048w, https:\/\/www.manais-web.ovh\/Botanique\/wp-content\/uploads\/2026\/02\/IMG_1502-600x450.jpg 600w\" sizes=\"auto, (max-width: 2560px) 100vw, 2560px\" \/><\/a><\/div><\/figure><\/div><div class=\"id-283 vcex-image-grid-entry vcex-grid-item wpex-text-center span_1_of_6 col  wpb_animate_when_almost_visible wpb_appear appear col-3\"><figure class=\"vcex-image-grid-entry-figure wpex-last-mb-0 wpex-clr\"><div class=\"vcex-image-grid-entry-img entry-media wpex-relative hvr hvr-sink wpex-mb-20\"><a href=\"https:\/\/www.manais-web.ovh\/Botanique\/wp-content\/uploads\/2026\/02\/IMG_8299-scaled.jpg\" class=\"vcex-image-grid-entry-link wpex-lightbox-group-item\" data-title=\"Sempervivum\" data-caption=\"Sempervivum\"><img width=\"2560\" height=\"1920\" src=\"https:\/\/www.manais-web.ovh\/Botanique\/wp-content\/uploads\/2026\/02\/IMG_8299-scaled.jpg\" class=\"wpex-align-middle wpex-shadow-md\" alt=\"Sempervivum\" loading=\"lazy\" decoding=\"async\" srcset=\"https:\/\/www.manais-web.ovh\/Botanique\/wp-content\/uploads\/2026\/02\/IMG_8299-scaled.jpg 2560w, https:\/\/www.manais-web.ovh\/Botanique\/wp-content\/uploads\/2026\/02\/IMG_8299-300x225.jpg 300w, https:\/\/www.manais-web.ovh\/Botanique\/wp-content\/uploads\/2026\/02\/IMG_8299-1024x768.jpg 1024w, https:\/\/www.manais-web.ovh\/Botanique\/wp-content\/uploads\/2026\/02\/IMG_8299-768x576.jpg 768w, https:\/\/www.manais-web.ovh\/Botanique\/wp-content\/uploads\/2026\/02\/IMG_8299-1536x1152.jpg 1536w, https:\/\/www.manais-web.ovh\/Botanique\/wp-content\/uploads\/2026\/02\/IMG_8299-2048x1536.jpg 2048w, https:\/\/www.manais-web.ovh\/Botanique\/wp-content\/uploads\/2026\/02\/IMG_8299-600x450.jpg 600w\" sizes=\"auto, (max-width: 2560px) 100vw, 2560px\" \/><\/a><\/div><\/figure><\/div><div class=\"id-276 vcex-image-grid-entry vcex-grid-item wpex-text-center span_1_of_6 col  wpb_animate_when_almost_visible wpb_appear appear col-4\"><figure class=\"vcex-image-grid-entry-figure wpex-last-mb-0 wpex-clr\"><div class=\"vcex-image-grid-entry-img entry-media wpex-relative hvr hvr-sink wpex-mb-20\"><a href=\"https:\/\/www.manais-web.ovh\/Botanique\/wp-content\/uploads\/2026\/02\/IMG_1430-scaled.jpg\" class=\"vcex-image-grid-entry-link wpex-lightbox-group-item\" data-title=\"Dactilorhyza sambucina\" data-caption=\"Dactilorhyza sambucina\"><img width=\"2560\" height=\"1920\" src=\"https:\/\/www.manais-web.ovh\/Botanique\/wp-content\/uploads\/2026\/02\/IMG_1430-scaled.jpg\" class=\"wpex-align-middle wpex-shadow-md\" alt=\"Dactilorhyza sambucina\" loading=\"lazy\" decoding=\"async\" srcset=\"https:\/\/www.manais-web.ovh\/Botanique\/wp-content\/uploads\/2026\/02\/IMG_1430-scaled.jpg 2560w, https:\/\/www.manais-web.ovh\/Botanique\/wp-content\/uploads\/2026\/02\/IMG_1430-300x225.jpg 300w, https:\/\/www.manais-web.ovh\/Botanique\/wp-content\/uploads\/2026\/02\/IMG_1430-1024x768.jpg 1024w, https:\/\/www.manais-web.ovh\/Botanique\/wp-content\/uploads\/2026\/02\/IMG_1430-768x576.jpg 768w, https:\/\/www.manais-web.ovh\/Botanique\/wp-content\/uploads\/2026\/02\/IMG_1430-1536x1152.jpg 1536w, https:\/\/www.manais-web.ovh\/Botanique\/wp-content\/uploads\/2026\/02\/IMG_1430-2048x1536.jpg 2048w, https:\/\/www.manais-web.ovh\/Botanique\/wp-content\/uploads\/2026\/02\/IMG_1430-600x450.jpg 600w\" sizes=\"auto, (max-width: 2560px) 100vw, 2560px\" \/><\/a><\/div><\/figure><\/div><div class=\"id-275 vcex-image-grid-entry vcex-grid-item wpex-text-center span_1_of_6 col  wpb_animate_when_almost_visible wpb_appear appear col-5\"><figure class=\"vcex-image-grid-entry-figure wpex-last-mb-0 wpex-clr\"><div class=\"vcex-image-grid-entry-img entry-media wpex-relative hvr hvr-sink wpex-mb-20\"><a href=\"https:\/\/www.manais-web.ovh\/Botanique\/wp-content\/uploads\/2026\/02\/IMG_1381-scaled.jpg\" class=\"vcex-image-grid-entry-link wpex-lightbox-group-item\" data-title=\"Tragopogon porrifolius\" data-caption=\"Tragopogon porrifolius\"><img width=\"2560\" height=\"1920\" src=\"https:\/\/www.manais-web.ovh\/Botanique\/wp-content\/uploads\/2026\/02\/IMG_1381-scaled.jpg\" class=\"wpex-align-middle wpex-shadow-md\" alt=\"Tragopogon porrifolius\" loading=\"lazy\" decoding=\"async\" srcset=\"https:\/\/www.manais-web.ovh\/Botanique\/wp-content\/uploads\/2026\/02\/IMG_1381-scaled.jpg 2560w, https:\/\/www.manais-web.ovh\/Botanique\/wp-content\/uploads\/2026\/02\/IMG_1381-300x225.jpg 300w, https:\/\/www.manais-web.ovh\/Botanique\/wp-content\/uploads\/2026\/02\/IMG_1381-1024x768.jpg 1024w, https:\/\/www.manais-web.ovh\/Botanique\/wp-content\/uploads\/2026\/02\/IMG_1381-768x576.jpg 768w, https:\/\/www.manais-web.ovh\/Botanique\/wp-content\/uploads\/2026\/02\/IMG_1381-1536x1152.jpg 1536w, https:\/\/www.manais-web.ovh\/Botanique\/wp-content\/uploads\/2026\/02\/IMG_1381-2048x1536.jpg 2048w, https:\/\/www.manais-web.ovh\/Botanique\/wp-content\/uploads\/2026\/02\/IMG_1381-600x450.jpg 600w\" sizes=\"auto, (max-width: 2560px) 100vw, 2560px\" \/><\/a><\/div><\/figure><\/div><div class=\"id-282 vcex-image-grid-entry vcex-grid-item wpex-text-center span_1_of_6 col  wpb_animate_when_almost_visible wpb_appear appear col-6\"><figure class=\"vcex-image-grid-entry-figure wpex-last-mb-0 wpex-clr\"><div class=\"vcex-image-grid-entry-img entry-media wpex-relative hvr hvr-sink wpex-mb-20\"><a href=\"https:\/\/www.manais-web.ovh\/Botanique\/wp-content\/uploads\/2026\/02\/IMG_7263-scaled.jpg\" class=\"vcex-image-grid-entry-link wpex-lightbox-group-item\" data-title=\"p\u00e2ture sauvage\" data-caption=\"p\u00e2ture sauvage\"><img width=\"2560\" height=\"1920\" src=\"https:\/\/www.manais-web.ovh\/Botanique\/wp-content\/uploads\/2026\/02\/IMG_7263-scaled.jpg\" class=\"wpex-align-middle wpex-shadow-md\" alt=\"p\u00e2ture sauvage\" loading=\"lazy\" decoding=\"async\" srcset=\"https:\/\/www.manais-web.ovh\/Botanique\/wp-content\/uploads\/2026\/02\/IMG_7263-scaled.jpg 2560w, https:\/\/www.manais-web.ovh\/Botanique\/wp-content\/uploads\/2026\/02\/IMG_7263-300x225.jpg 300w, https:\/\/www.manais-web.ovh\/Botanique\/wp-content\/uploads\/2026\/02\/IMG_7263-1024x768.jpg 1024w, https:\/\/www.manais-web.ovh\/Botanique\/wp-content\/uploads\/2026\/02\/IMG_7263-768x576.jpg 768w, https:\/\/www.manais-web.ovh\/Botanique\/wp-content\/uploads\/2026\/02\/IMG_7263-1536x1152.jpg 1536w, https:\/\/www.manais-web.ovh\/Botanique\/wp-content\/uploads\/2026\/02\/IMG_7263-2048x1536.jpg 2048w, https:\/\/www.manais-web.ovh\/Botanique\/wp-content\/uploads\/2026\/02\/IMG_7263-600x450.jpg 600w\" sizes=\"auto, (max-width: 2560px) 100vw, 2560px\" \/><\/a><\/div><\/figure><\/div><div class=\"id-274 vcex-image-grid-entry vcex-grid-item wpex-text-center span_1_of_6 col  wpb_animate_when_almost_visible wpb_appear appear col-1\"><figure class=\"vcex-image-grid-entry-figure wpex-last-mb-0 wpex-clr\"><div class=\"vcex-image-grid-entry-img entry-media wpex-relative hvr hvr-sink wpex-mb-20\"><a href=\"https:\/\/www.manais-web.ovh\/Botanique\/wp-content\/uploads\/2026\/02\/IMG_1566-scaled.jpg\" class=\"vcex-image-grid-entry-link wpex-lightbox-group-item\" data-title=\"anemona halleri\" data-caption=\"anemona halleri\"><img width=\"2560\" height=\"1920\" src=\"https:\/\/www.manais-web.ovh\/Botanique\/wp-content\/uploads\/2026\/02\/IMG_1566-scaled.jpg\" class=\"wpex-align-middle wpex-shadow-md\" alt=\"anemona halleri\" loading=\"lazy\" decoding=\"async\" srcset=\"https:\/\/www.manais-web.ovh\/Botanique\/wp-content\/uploads\/2026\/02\/IMG_1566-scaled.jpg 2560w, https:\/\/www.manais-web.ovh\/Botanique\/wp-content\/uploads\/2026\/02\/IMG_1566-300x225.jpg 300w, https:\/\/www.manais-web.ovh\/Botanique\/wp-content\/uploads\/2026\/02\/IMG_1566-1024x768.jpg 1024w, https:\/\/www.manais-web.ovh\/Botanique\/wp-content\/uploads\/2026\/02\/IMG_1566-768x576.jpg 768w, https:\/\/www.manais-web.ovh\/Botanique\/wp-content\/uploads\/2026\/02\/IMG_1566-1536x1152.jpg 1536w, https:\/\/www.manais-web.ovh\/Botanique\/wp-content\/uploads\/2026\/02\/IMG_1566-2048x1536.jpg 2048w, https:\/\/www.manais-web.ovh\/Botanique\/wp-content\/uploads\/2026\/02\/IMG_1566-600x450.jpg 600w\" sizes=\"auto, (max-width: 2560px) 100vw, 2560px\" \/><\/a><\/div><\/figure><\/div><div class=\"id-279 vcex-image-grid-entry vcex-grid-item wpex-text-center span_1_of_6 col  wpb_animate_when_almost_visible wpb_appear appear col-2\"><figure class=\"vcex-image-grid-entry-figure wpex-last-mb-0 wpex-clr\"><div class=\"vcex-image-grid-entry-img entry-media wpex-relative hvr hvr-sink wpex-mb-20\"><a href=\"https:\/\/www.manais-web.ovh\/Botanique\/wp-content\/uploads\/2026\/02\/IMG_8082-scaled.jpg\" class=\"vcex-image-grid-entry-link wpex-lightbox-group-item\" data-title=\"Coronilla glauca\" data-caption=\"Coronilla glauca\ncoro\"><img width=\"2560\" height=\"1920\" src=\"https:\/\/www.manais-web.ovh\/Botanique\/wp-content\/uploads\/2026\/02\/IMG_8082-scaled.jpg\" class=\"wpex-align-middle wpex-shadow-md\" alt=\"Coronilla glauca\" loading=\"lazy\" decoding=\"async\" srcset=\"https:\/\/www.manais-web.ovh\/Botanique\/wp-content\/uploads\/2026\/02\/IMG_8082-scaled.jpg 2560w, https:\/\/www.manais-web.ovh\/Botanique\/wp-content\/uploads\/2026\/02\/IMG_8082-300x225.jpg 300w, https:\/\/www.manais-web.ovh\/Botanique\/wp-content\/uploads\/2026\/02\/IMG_8082-1024x768.jpg 1024w, https:\/\/www.manais-web.ovh\/Botanique\/wp-content\/uploads\/2026\/02\/IMG_8082-768x576.jpg 768w, https:\/\/www.manais-web.ovh\/Botanique\/wp-content\/uploads\/2026\/02\/IMG_8082-1536x1152.jpg 1536w, https:\/\/www.manais-web.ovh\/Botanique\/wp-content\/uploads\/2026\/02\/IMG_8082-2048x1536.jpg 2048w, https:\/\/www.manais-web.ovh\/Botanique\/wp-content\/uploads\/2026\/02\/IMG_8082-600x450.jpg 600w\" sizes=\"auto, (max-width: 2560px) 100vw, 2560px\" \/><\/a><\/div><\/figure><\/div><div class=\"id-281 vcex-image-grid-entry vcex-grid-item wpex-text-center span_1_of_6 col  wpb_animate_when_almost_visible wpb_appear appear col-3\"><figure class=\"vcex-image-grid-entry-figure wpex-last-mb-0 wpex-clr\"><div class=\"vcex-image-grid-entry-img entry-media wpex-relative hvr hvr-sink wpex-mb-20\"><a href=\"https:\/\/www.manais-web.ovh\/Botanique\/wp-content\/uploads\/2026\/02\/IMG_1419-scaled.jpg\" class=\"vcex-image-grid-entry-link wpex-lightbox-group-item\" data-title=\"Dactilorhyza sambucina\" data-caption=\"Dactilorhyza sambucina\n\"><img width=\"2560\" height=\"1920\" src=\"https:\/\/www.manais-web.ovh\/Botanique\/wp-content\/uploads\/2026\/02\/IMG_1419-scaled.jpg\" class=\"wpex-align-middle wpex-shadow-md\" alt=\"Dactilorhyza sambucina\" loading=\"lazy\" decoding=\"async\" srcset=\"https:\/\/www.manais-web.ovh\/Botanique\/wp-content\/uploads\/2026\/02\/IMG_1419-scaled.jpg 2560w, https:\/\/www.manais-web.ovh\/Botanique\/wp-content\/uploads\/2026\/02\/IMG_1419-300x225.jpg 300w, https:\/\/www.manais-web.ovh\/Botanique\/wp-content\/uploads\/2026\/02\/IMG_1419-1024x768.jpg 1024w, https:\/\/www.manais-web.ovh\/Botanique\/wp-content\/uploads\/2026\/02\/IMG_1419-768x576.jpg 768w, https:\/\/www.manais-web.ovh\/Botanique\/wp-content\/uploads\/2026\/02\/IMG_1419-1536x1152.jpg 1536w, https:\/\/www.manais-web.ovh\/Botanique\/wp-content\/uploads\/2026\/02\/IMG_1419-2048x1536.jpg 2048w, https:\/\/www.manais-web.ovh\/Botanique\/wp-content\/uploads\/2026\/02\/IMG_1419-600x450.jpg 600w\" sizes=\"auto, (max-width: 2560px) 100vw, 2560px\" \/><\/a><\/div><\/figure><\/div><div class=\"id-278 vcex-image-grid-entry vcex-grid-item wpex-text-center span_1_of_6 col  wpb_animate_when_almost_visible wpb_appear appear col-4\"><figure class=\"vcex-image-grid-entry-figure wpex-last-mb-0 wpex-clr\"><div class=\"vcex-image-grid-entry-img entry-media wpex-relative hvr hvr-sink wpex-mb-20\"><a href=\"https:\/\/www.manais-web.ovh\/Botanique\/wp-content\/uploads\/2026\/02\/IMG_7253-scaled.jpg\" class=\"vcex-image-grid-entry-link wpex-lightbox-group-item\" data-title=\"rhinanthe minor\" data-caption=\"rhinanthe minor\"><img width=\"2560\" height=\"1920\" src=\"https:\/\/www.manais-web.ovh\/Botanique\/wp-content\/uploads\/2026\/02\/IMG_7253-scaled.jpg\" class=\"wpex-align-middle wpex-shadow-md\" alt=\"rhinanthe minor\" loading=\"lazy\" decoding=\"async\" srcset=\"https:\/\/www.manais-web.ovh\/Botanique\/wp-content\/uploads\/2026\/02\/IMG_7253-scaled.jpg 2560w, https:\/\/www.manais-web.ovh\/Botanique\/wp-content\/uploads\/2026\/02\/IMG_7253-300x225.jpg 300w, https:\/\/www.manais-web.ovh\/Botanique\/wp-content\/uploads\/2026\/02\/IMG_7253-1024x768.jpg 1024w, https:\/\/www.manais-web.ovh\/Botanique\/wp-content\/uploads\/2026\/02\/IMG_7253-768x576.jpg 768w, https:\/\/www.manais-web.ovh\/Botanique\/wp-content\/uploads\/2026\/02\/IMG_7253-1536x1152.jpg 1536w, https:\/\/www.manais-web.ovh\/Botanique\/wp-content\/uploads\/2026\/02\/IMG_7253-2048x1536.jpg 2048w, https:\/\/www.manais-web.ovh\/Botanique\/wp-content\/uploads\/2026\/02\/IMG_7253-600x450.jpg 600w\" sizes=\"auto, (max-width: 2560px) 100vw, 2560px\" \/><\/a><\/div><\/figure><\/div><div class=\"id-287 vcex-image-grid-entry vcex-grid-item wpex-text-center span_1_of_6 col  wpb_animate_when_almost_visible wpb_appear appear col-5\"><figure class=\"vcex-image-grid-entry-figure wpex-last-mb-0 wpex-clr\"><div class=\"vcex-image-grid-entry-img entry-media wpex-relative hvr hvr-sink wpex-mb-20\"><a href=\"https:\/\/www.manais-web.ovh\/Botanique\/wp-content\/uploads\/2026\/02\/IMG_3461-scaled.jpg\" class=\"vcex-image-grid-entry-link wpex-lightbox-group-item\" data-title=\"vercors botanique\" data-caption=\"saint genis\"><img width=\"2560\" height=\"1920\" src=\"https:\/\/www.manais-web.ovh\/Botanique\/wp-content\/uploads\/2026\/02\/IMG_3461-scaled.jpg\" class=\"wpex-align-middle wpex-shadow-md\" alt=\"vercors botanique\" loading=\"lazy\" decoding=\"async\" srcset=\"https:\/\/www.manais-web.ovh\/Botanique\/wp-content\/uploads\/2026\/02\/IMG_3461-scaled.jpg 2560w, https:\/\/www.manais-web.ovh\/Botanique\/wp-content\/uploads\/2026\/02\/IMG_3461-300x225.jpg 300w, https:\/\/www.manais-web.ovh\/Botanique\/wp-content\/uploads\/2026\/02\/IMG_3461-1024x768.jpg 1024w, https:\/\/www.manais-web.ovh\/Botanique\/wp-content\/uploads\/2026\/02\/IMG_3461-768x576.jpg 768w, https:\/\/www.manais-web.ovh\/Botanique\/wp-content\/uploads\/2026\/02\/IMG_3461-1536x1152.jpg 1536w, https:\/\/www.manais-web.ovh\/Botanique\/wp-content\/uploads\/2026\/02\/IMG_3461-2048x1536.jpg 2048w, https:\/\/www.manais-web.ovh\/Botanique\/wp-content\/uploads\/2026\/02\/IMG_3461-600x450.jpg 600w\" sizes=\"auto, (max-width: 2560px) 100vw, 2560px\" \/><\/a><\/div><\/figure><\/div><div class=\"id-387 vcex-image-grid-entry vcex-grid-item wpex-text-center span_1_of_6 col  wpb_animate_when_almost_visible wpb_appear appear col-6\"><figure class=\"vcex-image-grid-entry-figure wpex-last-mb-0 wpex-clr\"><div class=\"vcex-image-grid-entry-img entry-media wpex-relative hvr hvr-sink wpex-mb-20\"><a href=\"https:\/\/www.manais-web.ovh\/Botanique\/wp-content\/uploads\/2026\/04\/DSC_0001-1-scaled.jpg\" class=\"vcex-image-grid-entry-link wpex-lightbox-group-item\" ><img width=\"2560\" height=\"1920\" src=\"https:\/\/www.manais-web.ovh\/Botanique\/wp-content\/uploads\/2026\/04\/DSC_0001-1-scaled.jpg\" class=\"wpex-align-middle wpex-shadow-md\" alt=\"\" loading=\"lazy\" decoding=\"async\" srcset=\"https:\/\/www.manais-web.ovh\/Botanique\/wp-content\/uploads\/2026\/04\/DSC_0001-1-scaled.jpg 2560w, https:\/\/www.manais-web.ovh\/Botanique\/wp-content\/uploads\/2026\/04\/DSC_0001-1-300x225.jpg 300w\" sizes=\"auto, (max-width: 2560px) 100vw, 2560px\" \/><\/a><\/div><\/figure><\/div><\/div><\/div><\/div>[\/vc_column][\/vc_row]<\/div>","protected":false},"excerpt":{"rendered":"<p>[vc_row][vc_column][vc_column_text css=&#8221;&#8221; color=&#8221;#00000069&#8243; font_family=&#8221;Palatino Linotype, Book Antiqua, Palatino, serif&#8221; font_size=&#8221;20px&#8221;] Je suis guide de sorties botaniques, anim\u00e9e par le d\u00e9sir de transmettre une connaissance vivante et respectueuse du monde v\u00e9g\u00e9tal.Form\u00e9e \u00e0 la botanique de terrain, j\u2019accompagne petits groupes et curieux de nature, dans la d\u00e9couverte des plantes sauvages, de leurs caract\u00e9ristiques, de leurs usages et&hellip;<\/p>\n","protected":false},"author":1,"featured_media":0,"parent":0,"menu_order":0,"comment_status":"closed","ping_status":"closed","template":"","meta":{"footnotes":""},"class_list":["post-73","page","type-page","status-publish","hentry","entry","no-media"],"_links":{"self":[{"href":"https:\/\/www.manais-web.ovh\/Botanique\/index.php?rest_route=\/wp\/v2\/pages\/73","targetHints":{"allow":["GET"]}}],"collection":[{"href":"https:\/\/www.manais-web.ovh\/Botanique\/index.php?rest_route=\/wp\/v2\/pages"}],"about":[{"href":"https:\/\/www.manais-web.ovh\/Botanique\/index.php?rest_route=\/wp\/v2\/types\/page"}],"author":[{"embeddable":true,"href":"https:\/\/www.manais-web.ovh\/Botanique\/index.php?rest_route=\/wp\/v2\/users\/1"}],"replies":[{"embeddable":true,"href":"https:\/\/www.manais-web.ovh\/Botanique\/index.php?rest_route=%2Fwp%2Fv2%2Fcomments&post=73"}],"version-history":[{"count":24,"href":"https:\/\/www.manais-web.ovh\/Botanique\/index.php?rest_route=\/wp\/v2\/pages\/73\/revisions"}],"predecessor-version":[{"id":391,"href":"https:\/\/www.manais-web.ovh\/Botanique\/index.php?rest_route=\/wp\/v2\/pages\/73\/revisions\/391"}],"wp:attachment":[{"href":"https:\/\/www.manais-web.ovh\/Botanique\/index.php?rest_route=%2Fwp%2Fv2%2Fmedia&parent=73"}],"curies":[{"name":"wp","href":"https:\/\/api.w.org\/{rel}","templated":true}]}}