{"id":216,"date":"2026-02-09T17:02:52","date_gmt":"2026-02-09T16:02:52","guid":{"rendered":"https:\/\/www.manais-web.ovh\/Botanique\/?post_type=product&#038;p=216"},"modified":"2026-04-14T21:57:24","modified_gmt":"2026-04-14T19:57:24","slug":"sortie-botanique-du-12-fevrier","status":"publish","type":"product","link":"https:\/\/www.manais-web.ovh\/Botanique\/?product=sortie-botanique-du-12-fevrier","title":{"rendered":"A la rencontre des orchid\u00e9es sauvages"},"content":{"rendered":"<p><img loading=\"lazy\" decoding=\"async\" class=\"size-medium wp-image-281\" src=\"https:\/\/www.manais-web.ovh\/Botanique\/wp-content\/uploads\/2026\/02\/IMG_1419-300x225.jpg\" alt=\"Dactilorhyza sambucina\" width=\"300\" height=\"225\" srcset=\"https:\/\/www.manais-web.ovh\/Botanique\/wp-content\/uploads\/2026\/02\/IMG_1419-300x225.jpg 300w, https:\/\/www.manais-web.ovh\/Botanique\/wp-content\/uploads\/2026\/02\/IMG_1419-1024x768.jpg 1024w, https:\/\/www.manais-web.ovh\/Botanique\/wp-content\/uploads\/2026\/02\/IMG_1419-768x576.jpg 768w, https:\/\/www.manais-web.ovh\/Botanique\/wp-content\/uploads\/2026\/02\/IMG_1419-1536x1152.jpg 1536w, https:\/\/www.manais-web.ovh\/Botanique\/wp-content\/uploads\/2026\/02\/IMG_1419-2048x1536.jpg 2048w, https:\/\/www.manais-web.ovh\/Botanique\/wp-content\/uploads\/2026\/02\/IMG_1419-600x450.jpg 600w\" sizes=\"auto, (max-width: 300px) 100vw, 300px\" \/><\/p>\n","protected":false},"excerpt":{"rendered":"<p>Dans un paysage sublime, profitez d&#8217;une balade botanique conviviale sur le th\u00e8me des orchid\u00e9es sauvages. Apprenez \u00e0 les observer, \u00e0 la reconna\u00eetre et \u00e0 comprendre ces plantes fascinantes. Couleurs, formes \u00e9tonnantes, strat\u00e9gies de pollinisation&#8230; Les orchide\u00e9s sauvages r\u00e9servent bien des surprises!<\/p>\n","protected":false},"featured_media":281,"comment_status":"open","ping_status":"closed","template":"","meta":[],"product_brand":[],"product_cat":[16],"product_tag":[],"class_list":{"0":"post-216","1":"product","2":"type-product","3":"status-publish","4":"has-post-thumbnail","6":"product_cat-non-classe","7":"entry","8":"has-media","10":"first","11":"instock","12":"shipping-taxable","13":"purchasable","14":"product-type-variable"},"_links":{"self":[{"href":"https:\/\/www.manais-web.ovh\/Botanique\/index.php?rest_route=\/wp\/v2\/product\/216","targetHints":{"allow":["GET"]}}],"collection":[{"href":"https:\/\/www.manais-web.ovh\/Botanique\/index.php?rest_route=\/wp\/v2\/product"}],"about":[{"href":"https:\/\/www.manais-web.ovh\/Botanique\/index.php?rest_route=\/wp\/v2\/types\/product"}],"replies":[{"embeddable":true,"href":"https:\/\/www.manais-web.ovh\/Botanique\/index.php?rest_route=%2Fwp%2Fv2%2Fcomments&post=216"}],"wp:featuredmedia":[{"embeddable":true,"href":"https:\/\/www.manais-web.ovh\/Botanique\/index.php?rest_route=\/wp\/v2\/media\/281"}],"wp:attachment":[{"href":"https:\/\/www.manais-web.ovh\/Botanique\/index.php?rest_route=%2Fwp%2Fv2%2Fmedia&parent=216"}],"wp:term":[{"taxonomy":"product_brand","embeddable":true,"href":"https:\/\/www.manais-web.ovh\/Botanique\/index.php?rest_route=%2Fwp%2Fv2%2Fproduct_brand&post=216"},{"taxonomy":"product_cat","embeddable":true,"href":"https:\/\/www.manais-web.ovh\/Botanique\/index.php?rest_route=%2Fwp%2Fv2%2Fproduct_cat&post=216"},{"taxonomy":"product_tag","embeddable":true,"href":"https:\/\/www.manais-web.ovh\/Botanique\/index.php?rest_route=%2Fwp%2Fv2%2Fproduct_tag&post=216"}],"curies":[{"name":"wp","href":"https:\/\/api.w.org\/{rel}","templated":true}]}}