{"id":379,"date":"2026-02-20T19:30:35","date_gmt":"2026-02-20T18:30:35","guid":{"rendered":"https:\/\/www.manais-web.ovh\/Botanique\/?post_type=product&#038;p=379"},"modified":"2026-04-14T21:39:22","modified_gmt":"2026-04-14T19:39:22","slug":"sortie-botanique-du10-mai-2026","status":"publish","type":"product","link":"https:\/\/www.manais-web.ovh\/Botanique\/?product=sortie-botanique-du10-mai-2026","title":{"rendered":"A la rencontre de la flore du Vercors"},"content":{"rendered":"<p>Partez \u00e0 la d\u00e9couverte des tr\u00e9sors floristiques du Vercors lors d\u2019une sortie botanique immersive au c\u0153ur du <span class=\"hover:entity-accent entity-underline inline cursor-pointer align-baseline\"><span class=\"whitespace-normal\">Parc naturel r\u00e9gional du Vercors<\/span><\/span>. Lors d&#8217;une balade conviviale, explorez prairies alpines, combes fleuries, rocaille s\u00e8che pour apprendre \u00e0 reconna\u00eetre, identifier les plantes sauvages et leurs secrets. Une exp\u00e9rience nature accessible \u00e0 tous, id\u00e9ale pour s\u2019\u00e9merveiller, apprendre et respirer le grand air du Vercors.<\/p>\n<p>&nbsp;<\/p>\n","protected":false},"excerpt":{"rendered":"<p>Partez \u00e0 la d\u00e9couverte des tr\u00e9sors floristiques du Vercors lors d\u2019une sortie botanique immersive au c\u0153ur du <span class=\"hover:entity-accent entity-underline inline cursor-pointer align-baseline\"><span class=\"whitespace-normal\">Parc naturel r\u00e9gional du Vercors<\/span><\/span>. Lors d&#8217;une balade conviviale, explorez prairies alpines, combes fleuries, rocaille s\u00e8che pour apprendre \u00e0 reconna\u00eetre, identifier les plantes sauvages et leurs secrets. Une exp\u00e9rience nature accessible \u00e0 tous, id\u00e9ale pour s\u2019\u00e9merveiller, apprendre et respirer le grand air du Vercors.<\/p>\n","protected":false},"featured_media":279,"comment_status":"open","ping_status":"closed","template":"","meta":[],"product_brand":[],"product_cat":[16],"product_tag":[],"class_list":{"0":"post-379","1":"product","2":"type-product","3":"status-publish","4":"has-post-thumbnail","6":"product_cat-non-classe","7":"entry","8":"has-media","10":"first","11":"instock","12":"shipping-taxable","13":"purchasable","14":"product-type-variable"},"_links":{"self":[{"href":"https:\/\/www.manais-web.ovh\/Botanique\/index.php?rest_route=\/wp\/v2\/product\/379","targetHints":{"allow":["GET"]}}],"collection":[{"href":"https:\/\/www.manais-web.ovh\/Botanique\/index.php?rest_route=\/wp\/v2\/product"}],"about":[{"href":"https:\/\/www.manais-web.ovh\/Botanique\/index.php?rest_route=\/wp\/v2\/types\/product"}],"replies":[{"embeddable":true,"href":"https:\/\/www.manais-web.ovh\/Botanique\/index.php?rest_route=%2Fwp%2Fv2%2Fcomments&post=379"}],"wp:featuredmedia":[{"embeddable":true,"href":"https:\/\/www.manais-web.ovh\/Botanique\/index.php?rest_route=\/wp\/v2\/media\/279"}],"wp:attachment":[{"href":"https:\/\/www.manais-web.ovh\/Botanique\/index.php?rest_route=%2Fwp%2Fv2%2Fmedia&parent=379"}],"wp:term":[{"taxonomy":"product_brand","embeddable":true,"href":"https:\/\/www.manais-web.ovh\/Botanique\/index.php?rest_route=%2Fwp%2Fv2%2Fproduct_brand&post=379"},{"taxonomy":"product_cat","embeddable":true,"href":"https:\/\/www.manais-web.ovh\/Botanique\/index.php?rest_route=%2Fwp%2Fv2%2Fproduct_cat&post=379"},{"taxonomy":"product_tag","embeddable":true,"href":"https:\/\/www.manais-web.ovh\/Botanique\/index.php?rest_route=%2Fwp%2Fv2%2Fproduct_tag&post=379"}],"curies":[{"name":"wp","href":"https:\/\/api.w.org\/{rel}","templated":true}]}}